{"id":249,"date":"2014-12-09T16:04:21","date_gmt":"2014-12-09T15:04:21","guid":{"rendered":"http:\/\/www.etiennebisch.com\/blog\/?page_id=249"},"modified":"2024-01-13T07:22:46","modified_gmt":"2024-01-13T06:22:46","slug":"bio","status":"publish","type":"page","link":"https:\/\/www.etiennebisch.com\/blog\/","title":{"rendered":"Etienne Bisch"},"content":{"rendered":"<p>N\u00e9 \u00e0 Paris en 1993,<\/p>\n<p>J&rsquo;ai commenc\u00e9 la peinture en 2012 en exposant la m\u00eame ann\u00e9e \u00e0 Montr\u00e9al.<\/p>\n<p>M&rsquo;inspirant principalement de la culture pop, tout m\u00e9dia confondu, que ce soit en B.D., en musique, dans les jeux vid\u00e9os, dessins anim\u00e9s&#8230; et d&rsquo;art bien\u00a0 entendu.. Mon travail s&rsquo;accorde avec le mouvement de la figuration libre.<\/p>\n<p>La plupart du temps j&rsquo;expose en France, mais aussi \u00e0 l&rsquo;\u00e9tranger, notamment \u00e0 Singapour ou encore en Belgique..<\/p>\n<p>Email: et.bisch@gmail.com<\/p>\n","protected":false},"excerpt":{"rendered":"<p>N\u00e9 \u00e0 Paris en 1993, J&rsquo;ai commenc\u00e9 la peinture en 2012 en exposant la m\u00eame ann\u00e9e \u00e0 Montr\u00e9al. M&rsquo;inspirant principalement de la culture pop, tout m\u00e9dia confondu, que ce soit en B.D., en musique, dans les jeux vid\u00e9os, dessins anim\u00e9s&#8230; et d&rsquo;art bien\u00a0 entendu.. Mon travail s&rsquo;accorde avec le mouvement de la figuration libre. La [&hellip;]<\/p>\n","protected":false},"author":3,"featured_media":673,"parent":0,"menu_order":0,"comment_status":"closed","ping_status":"open","template":"","meta":{"footnotes":""},"class_list":["post-249","page","type-page","status-publish","has-post-thumbnail","hentry"],"_links":{"self":[{"href":"https:\/\/www.etiennebisch.com\/blog\/wp-json\/wp\/v2\/pages\/249"}],"collection":[{"href":"https:\/\/www.etiennebisch.com\/blog\/wp-json\/wp\/v2\/pages"}],"about":[{"href":"https:\/\/www.etiennebisch.com\/blog\/wp-json\/wp\/v2\/types\/page"}],"author":[{"embeddable":true,"href":"https:\/\/www.etiennebisch.com\/blog\/wp-json\/wp\/v2\/users\/3"}],"replies":[{"embeddable":true,"href":"https:\/\/www.etiennebisch.com\/blog\/wp-json\/wp\/v2\/comments?post=249"}],"version-history":[{"count":20,"href":"https:\/\/www.etiennebisch.com\/blog\/wp-json\/wp\/v2\/pages\/249\/revisions"}],"predecessor-version":[{"id":649,"href":"https:\/\/www.etiennebisch.com\/blog\/wp-json\/wp\/v2\/pages\/249\/revisions\/649"}],"wp:featuredmedia":[{"embeddable":true,"href":"https:\/\/www.etiennebisch.com\/blog\/wp-json\/wp\/v2\/media\/673"}],"wp:attachment":[{"href":"https:\/\/www.etiennebisch.com\/blog\/wp-json\/wp\/v2\/media?parent=249"}],"curies":[{"name":"wp","href":"https:\/\/api.w.org\/{rel}","templated":true}]}}